{"id":19,"date":"2019-01-06T15:54:20","date_gmt":"2019-01-06T14:54:20","guid":{"rendered":"https:\/\/ordentliggym.no\/?page_id=19"},"modified":"2019-01-06T15:54:20","modified_gmt":"2019-01-06T14:54:20","slug":"kontakt","status":"publish","type":"page","link":"https:\/\/ordentliggym.no\/?page_id=19","title":{"rendered":"Kontakt"},"content":{"rendered":"\n<h1 class=\"wp-block-heading\">Kontakt oss<\/h1>\n\n\n\n<p>Har du noen sp\u00f8rsm\u00e5l, kontakt oss p\u00e5 telefon 913 60 793, <a href=\"mailto:kontakt@ordentliggym.no\">kontakt@ordentliggym.no<\/a> eller send oss en melding p\u00e5 <a rel=\"noreferrer noopener\" aria-label=\"Facebook (\u00e5pner i en ny fane)\" href=\"https:\/\/www.facebook.com\/ordentliggym\/\" target=\"_blank\">Facebook<\/a><\/p>\n\n\n\t\t\t<div \n\t\t\tclass=\"wp-block-uagb-google-map uagb-google-map__wrap uagb-block-a8a3af11-5e1d-45f9-9b4c-1f43f5b6ebda     alignfull\"\n\t\t\tstyle=\"\" >\n\t\t\t\t<embed\n\t\t\t\t\tclass=\"uagb-google-map__iframe\"\n\t\t\t\t\ttitle=\"Google Map for \"\n\t\t\t\t\tsrc=\"https:\/\/maps.google.com\/maps?q=Ordentlig%20Gym&#038;z=15&#038;hl=en&#038;t=m&#038;output=embed&#038;iwloc=near\"\n\t\t\t\t\twidth=\"640\"\n\t\t\t\t\theight=\"500\"\n\t\t\t\t\tloading=\"lazy\"\n\t\t\t\t><\/embed>\n\t\t\t<\/div>\n\t\t\t","protected":false},"excerpt":{"rendered":"<p>Kontakt oss Har du noen sp\u00f8rsm\u00e5l, kontakt oss p\u00e5 telefon 913 60 793, kontakt@ordentliggym.no eller send oss en melding p\u00e5 Facebook<\/p>\n","protected":false},"author":3,"featured_media":0,"parent":0,"menu_order":0,"comment_status":"closed","ping_status":"closed","template":"","meta":{"_uag_custom_page_level_css":"","footnotes":""},"class_list":["post-19","page","type-page","status-publish","hentry"],"uagb_featured_image_src":{"full":false,"thumbnail":false,"medium":false,"medium_large":false,"large":false,"1536x1536":false,"2048x2048":false},"uagb_author_info":{"display_name":"Henrik Smith","author_link":"https:\/\/ordentliggym.no\/?author=3"},"uagb_comment_info":0,"uagb_excerpt":"Kontakt oss Har du noen sp\u00f8rsm\u00e5l, kontakt oss p\u00e5 telefon 913 60 793, kontakt@ordentliggym.no eller send oss en melding p\u00e5 Facebook","_links":{"self":[{"href":"https:\/\/ordentliggym.no\/index.php?rest_route=\/wp\/v2\/pages\/19","targetHints":{"allow":["GET"]}}],"collection":[{"href":"https:\/\/ordentliggym.no\/index.php?rest_route=\/wp\/v2\/pages"}],"about":[{"href":"https:\/\/ordentliggym.no\/index.php?rest_route=\/wp\/v2\/types\/page"}],"author":[{"embeddable":true,"href":"https:\/\/ordentliggym.no\/index.php?rest_route=\/wp\/v2\/users\/3"}],"replies":[{"embeddable":true,"href":"https:\/\/ordentliggym.no\/index.php?rest_route=%2Fwp%2Fv2%2Fcomments&post=19"}],"version-history":[{"count":0,"href":"https:\/\/ordentliggym.no\/index.php?rest_route=\/wp\/v2\/pages\/19\/revisions"}],"wp:attachment":[{"href":"https:\/\/ordentliggym.no\/index.php?rest_route=%2Fwp%2Fv2%2Fmedia&parent=19"}],"curies":[{"name":"wp","href":"https:\/\/api.w.org\/{rel}","templated":true}]}}