{"id":22,"date":"2019-01-06T16:02:57","date_gmt":"2019-01-06T15:02:57","guid":{"rendered":"https:\/\/ordentliggym.no\/?page_id=22"},"modified":"2019-01-06T16:38:42","modified_gmt":"2019-01-06T15:38:42","slug":"bilder-videoer","status":"publish","type":"page","link":"https:\/\/ordentliggym.no\/?page_id=22","title":{"rendered":"Bilder og videoer"},"content":{"rendered":"\n<h1 class=\"wp-block-heading\">Bilder og videoer<\/h1>\n\n\n\n<p>Nedenfor finner du noen bilder og videoer fra treningssenteret. Vi oppgraderer jevnlig utstyrsparken v\u00e5r, s\u00e5 <a href=\"https:\/\/ordentliggym.no\/gratis-provetime\/\">kom gjerne innom en tur<\/a> og se alt det nye vi har f\u00e5tt inn \ud83d\ude42<\/p>\n\n\n\n<figure class=\"wp-block-embed-vimeo alignwide wp-block-embed is-type-video is-provider-vimeo wp-embed-aspect-16-9 wp-has-aspect-ratio\"><div class=\"wp-block-embed__wrapper\">\n<iframe loading=\"lazy\" title=\"Ordentlig Gym - Det ultimate treningssenter i Asker og B\u00e6rum\" src=\"https:\/\/player.vimeo.com\/video\/155127422?dnt=1&amp;app_id=122963\" width=\"640\" height=\"360\" frameborder=\"0\" allow=\"autoplay; fullscreen; picture-in-picture; clipboard-write; encrypted-media\"><\/iframe>\n<\/div><\/figure>\n\n\n\n<figure class=\"wp-block-embed-vimeo alignwide wp-block-embed is-type-video is-provider-vimeo wp-embed-aspect-21-9 wp-has-aspect-ratio\"><div class=\"wp-block-embed__wrapper\">\n<iframe loading=\"lazy\" title=\"Ordentlig Motivasjon - Ordentlig Gym (teaser)\" src=\"https:\/\/player.vimeo.com\/video\/151184710?dnt=1&amp;app_id=122963\" width=\"640\" height=\"272\" frameborder=\"0\" allow=\"autoplay; fullscreen; picture-in-picture; clipboard-write; encrypted-media\"><\/iframe>\n<\/div><\/figure>\n\n\n\n<ul class=\"wp-block-gallery alignwide columns-3 is-cropped wp-block-gallery-1 is-layout-flex wp-block-gallery-is-layout-flex\"><li class=\"blocks-gallery-item\"><figure><img loading=\"lazy\" decoding=\"async\" width=\"1024\" height=\"684\" src=\"https:\/\/ordentliggym.no\/wp-content\/uploads\/2019\/01\/EKS2298-1024x684.jpg\" alt=\"\" data-id=\"23\" data-link=\"https:\/\/ordentliggym.no\/?attachment_id=23\" class=\"wp-image-23\" srcset=\"https:\/\/ordentliggym.no\/wp-content\/uploads\/2019\/01\/EKS2298-1024x684.jpg 1024w, https:\/\/ordentliggym.no\/wp-content\/uploads\/2019\/01\/EKS2298-300x200.jpg 300w, https:\/\/ordentliggym.no\/wp-content\/uploads\/2019\/01\/EKS2298-768x513.jpg 768w, https:\/\/ordentliggym.no\/wp-content\/uploads\/2019\/01\/EKS2298.jpg 1200w\" sizes=\"auto, (max-width: 1024px) 100vw, 1024px\" \/><\/figure><\/li><li class=\"blocks-gallery-item\"><figure><img loading=\"lazy\" decoding=\"async\" width=\"1024\" height=\"684\" src=\"https:\/\/ordentliggym.no\/wp-content\/uploads\/2019\/01\/EKS2299-1024x684.jpg\" alt=\"\" data-id=\"24\" data-link=\"https:\/\/ordentliggym.no\/?attachment_id=24\" class=\"wp-image-24\" srcset=\"https:\/\/ordentliggym.no\/wp-content\/uploads\/2019\/01\/EKS2299-1024x684.jpg 1024w, https:\/\/ordentliggym.no\/wp-content\/uploads\/2019\/01\/EKS2299-300x200.jpg 300w, https:\/\/ordentliggym.no\/wp-content\/uploads\/2019\/01\/EKS2299-768x513.jpg 768w, https:\/\/ordentliggym.no\/wp-content\/uploads\/2019\/01\/EKS2299.jpg 1200w\" sizes=\"auto, (max-width: 1024px) 100vw, 1024px\" \/><\/figure><\/li><li class=\"blocks-gallery-item\"><figure><img loading=\"lazy\" decoding=\"async\" width=\"1024\" height=\"684\" src=\"https:\/\/ordentliggym.no\/wp-content\/uploads\/2019\/01\/EKS2300-1024x684.jpg\" alt=\"\" data-id=\"25\" data-link=\"https:\/\/ordentliggym.no\/?attachment_id=25\" class=\"wp-image-25\" srcset=\"https:\/\/ordentliggym.no\/wp-content\/uploads\/2019\/01\/EKS2300-1024x684.jpg 1024w, https:\/\/ordentliggym.no\/wp-content\/uploads\/2019\/01\/EKS2300-300x200.jpg 300w, https:\/\/ordentliggym.no\/wp-content\/uploads\/2019\/01\/EKS2300-768x513.jpg 768w, https:\/\/ordentliggym.no\/wp-content\/uploads\/2019\/01\/EKS2300.jpg 1200w\" sizes=\"auto, (max-width: 1024px) 100vw, 1024px\" \/><\/figure><\/li><li class=\"blocks-gallery-item\"><figure><img loading=\"lazy\" decoding=\"async\" width=\"1024\" height=\"684\" src=\"https:\/\/ordentliggym.no\/wp-content\/uploads\/2019\/01\/EKS2301-1024x684.jpg\" alt=\"\" data-id=\"26\" data-link=\"https:\/\/ordentliggym.no\/?attachment_id=26\" class=\"wp-image-26\" srcset=\"https:\/\/ordentliggym.no\/wp-content\/uploads\/2019\/01\/EKS2301-1024x684.jpg 1024w, https:\/\/ordentliggym.no\/wp-content\/uploads\/2019\/01\/EKS2301-300x200.jpg 300w, https:\/\/ordentliggym.no\/wp-content\/uploads\/2019\/01\/EKS2301-768x513.jpg 768w, https:\/\/ordentliggym.no\/wp-content\/uploads\/2019\/01\/EKS2301.jpg 1200w\" sizes=\"auto, (max-width: 1024px) 100vw, 1024px\" \/><\/figure><\/li><li class=\"blocks-gallery-item\"><figure><img loading=\"lazy\" decoding=\"async\" width=\"1024\" height=\"684\" src=\"https:\/\/ordentliggym.no\/wp-content\/uploads\/2019\/01\/EKS2302-1024x684.jpg\" alt=\"\" data-id=\"27\" data-link=\"https:\/\/ordentliggym.no\/?attachment_id=27\" class=\"wp-image-27\" srcset=\"https:\/\/ordentliggym.no\/wp-content\/uploads\/2019\/01\/EKS2302-1024x684.jpg 1024w, https:\/\/ordentliggym.no\/wp-content\/uploads\/2019\/01\/EKS2302-300x200.jpg 300w, https:\/\/ordentliggym.no\/wp-content\/uploads\/2019\/01\/EKS2302-768x513.jpg 768w, https:\/\/ordentliggym.no\/wp-content\/uploads\/2019\/01\/EKS2302.jpg 1200w\" sizes=\"auto, (max-width: 1024px) 100vw, 1024px\" \/><\/figure><\/li><li class=\"blocks-gallery-item\"><figure><img loading=\"lazy\" decoding=\"async\" width=\"1024\" height=\"684\" src=\"https:\/\/ordentliggym.no\/wp-content\/uploads\/2019\/01\/EKS2305-1024x684.jpg\" alt=\"\" data-id=\"28\" data-link=\"https:\/\/ordentliggym.no\/?attachment_id=28\" class=\"wp-image-28\" srcset=\"https:\/\/ordentliggym.no\/wp-content\/uploads\/2019\/01\/EKS2305-1024x684.jpg 1024w, https:\/\/ordentliggym.no\/wp-content\/uploads\/2019\/01\/EKS2305-300x200.jpg 300w, https:\/\/ordentliggym.no\/wp-content\/uploads\/2019\/01\/EKS2305-768x513.jpg 768w, https:\/\/ordentliggym.no\/wp-content\/uploads\/2019\/01\/EKS2305.jpg 1200w\" sizes=\"auto, (max-width: 1024px) 100vw, 1024px\" \/><\/figure><\/li><li class=\"blocks-gallery-item\"><figure><img loading=\"lazy\" decoding=\"async\" width=\"1024\" height=\"684\" src=\"https:\/\/ordentliggym.no\/wp-content\/uploads\/2019\/01\/EKS2306-1024x684.jpg\" alt=\"\" data-id=\"29\" data-link=\"https:\/\/ordentliggym.no\/?attachment_id=29\" class=\"wp-image-29\" srcset=\"https:\/\/ordentliggym.no\/wp-content\/uploads\/2019\/01\/EKS2306-1024x684.jpg 1024w, https:\/\/ordentliggym.no\/wp-content\/uploads\/2019\/01\/EKS2306-300x200.jpg 300w, https:\/\/ordentliggym.no\/wp-content\/uploads\/2019\/01\/EKS2306-768x513.jpg 768w, https:\/\/ordentliggym.no\/wp-content\/uploads\/2019\/01\/EKS2306.jpg 1200w\" sizes=\"auto, (max-width: 1024px) 100vw, 1024px\" \/><\/figure><\/li><li class=\"blocks-gallery-item\"><figure><img loading=\"lazy\" decoding=\"async\" width=\"1024\" height=\"684\" src=\"https:\/\/ordentliggym.no\/wp-content\/uploads\/2019\/01\/EKS2307-1024x684.jpg\" alt=\"\" data-id=\"30\" data-link=\"https:\/\/ordentliggym.no\/?attachment_id=30\" class=\"wp-image-30\" srcset=\"https:\/\/ordentliggym.no\/wp-content\/uploads\/2019\/01\/EKS2307-1024x684.jpg 1024w, https:\/\/ordentliggym.no\/wp-content\/uploads\/2019\/01\/EKS2307-300x200.jpg 300w, https:\/\/ordentliggym.no\/wp-content\/uploads\/2019\/01\/EKS2307-768x513.jpg 768w, https:\/\/ordentliggym.no\/wp-content\/uploads\/2019\/01\/EKS2307.jpg 1200w\" sizes=\"auto, (max-width: 1024px) 100vw, 1024px\" \/><\/figure><\/li><li class=\"blocks-gallery-item\"><figure><img loading=\"lazy\" decoding=\"async\" width=\"1024\" height=\"684\" src=\"https:\/\/ordentliggym.no\/wp-content\/uploads\/2019\/01\/EKS2308-1024x684.jpg\" alt=\"\" data-id=\"31\" data-link=\"https:\/\/ordentliggym.no\/?attachment_id=31\" class=\"wp-image-31\" srcset=\"https:\/\/ordentliggym.no\/wp-content\/uploads\/2019\/01\/EKS2308-1024x684.jpg 1024w, https:\/\/ordentliggym.no\/wp-content\/uploads\/2019\/01\/EKS2308-300x200.jpg 300w, https:\/\/ordentliggym.no\/wp-content\/uploads\/2019\/01\/EKS2308-768x513.jpg 768w, https:\/\/ordentliggym.no\/wp-content\/uploads\/2019\/01\/EKS2308.jpg 1200w\" sizes=\"auto, (max-width: 1024px) 100vw, 1024px\" \/><\/figure><\/li><li class=\"blocks-gallery-item\"><figure><img loading=\"lazy\" decoding=\"async\" width=\"1024\" height=\"684\" src=\"https:\/\/ordentliggym.no\/wp-content\/uploads\/2019\/01\/EKS2309-1024x684.jpg\" alt=\"\" data-id=\"32\" data-link=\"https:\/\/ordentliggym.no\/?attachment_id=32\" class=\"wp-image-32\" srcset=\"https:\/\/ordentliggym.no\/wp-content\/uploads\/2019\/01\/EKS2309-1024x684.jpg 1024w, https:\/\/ordentliggym.no\/wp-content\/uploads\/2019\/01\/EKS2309-300x200.jpg 300w, https:\/\/ordentliggym.no\/wp-content\/uploads\/2019\/01\/EKS2309-768x513.jpg 768w, https:\/\/ordentliggym.no\/wp-content\/uploads\/2019\/01\/EKS2309.jpg 1200w\" sizes=\"auto, (max-width: 1024px) 100vw, 1024px\" \/><\/figure><\/li><li class=\"blocks-gallery-item\"><figure><img loading=\"lazy\" decoding=\"async\" width=\"1024\" height=\"684\" src=\"https:\/\/ordentliggym.no\/wp-content\/uploads\/2019\/01\/EKS2310-1024x684.jpg\" alt=\"\" data-id=\"33\" data-link=\"https:\/\/ordentliggym.no\/?attachment_id=33\" class=\"wp-image-33\" srcset=\"https:\/\/ordentliggym.no\/wp-content\/uploads\/2019\/01\/EKS2310-1024x684.jpg 1024w, https:\/\/ordentliggym.no\/wp-content\/uploads\/2019\/01\/EKS2310-300x200.jpg 300w, https:\/\/ordentliggym.no\/wp-content\/uploads\/2019\/01\/EKS2310-768x513.jpg 768w, https:\/\/ordentliggym.no\/wp-content\/uploads\/2019\/01\/EKS2310.jpg 1200w\" sizes=\"auto, (max-width: 1024px) 100vw, 1024px\" \/><\/figure><\/li><li class=\"blocks-gallery-item\"><figure><img loading=\"lazy\" decoding=\"async\" width=\"1024\" height=\"684\" src=\"https:\/\/ordentliggym.no\/wp-content\/uploads\/2019\/01\/EKS2311-1024x684.jpg\" alt=\"\" data-id=\"34\" data-link=\"https:\/\/ordentliggym.no\/?attachment_id=34\" class=\"wp-image-34\" srcset=\"https:\/\/ordentliggym.no\/wp-content\/uploads\/2019\/01\/EKS2311-1024x684.jpg 1024w, https:\/\/ordentliggym.no\/wp-content\/uploads\/2019\/01\/EKS2311-300x200.jpg 300w, https:\/\/ordentliggym.no\/wp-content\/uploads\/2019\/01\/EKS2311-768x513.jpg 768w, https:\/\/ordentliggym.no\/wp-content\/uploads\/2019\/01\/EKS2311.jpg 1200w\" sizes=\"auto, (max-width: 1024px) 100vw, 1024px\" \/><\/figure><\/li><li class=\"blocks-gallery-item\"><figure><img loading=\"lazy\" decoding=\"async\" width=\"1024\" height=\"684\" src=\"https:\/\/ordentliggym.no\/wp-content\/uploads\/2019\/01\/EKS2312-1024x684.jpg\" alt=\"\" data-id=\"35\" data-link=\"https:\/\/ordentliggym.no\/?attachment_id=35\" class=\"wp-image-35\" srcset=\"https:\/\/ordentliggym.no\/wp-content\/uploads\/2019\/01\/EKS2312-1024x684.jpg 1024w, https:\/\/ordentliggym.no\/wp-content\/uploads\/2019\/01\/EKS2312-300x200.jpg 300w, https:\/\/ordentliggym.no\/wp-content\/uploads\/2019\/01\/EKS2312-768x513.jpg 768w, https:\/\/ordentliggym.no\/wp-content\/uploads\/2019\/01\/EKS2312.jpg 1200w\" sizes=\"auto, (max-width: 1024px) 100vw, 1024px\" \/><\/figure><\/li><li class=\"blocks-gallery-item\"><figure><img loading=\"lazy\" decoding=\"async\" width=\"1024\" height=\"684\" src=\"https:\/\/ordentliggym.no\/wp-content\/uploads\/2019\/01\/EKS2313-1024x684.jpg\" alt=\"\" data-id=\"36\" data-link=\"https:\/\/ordentliggym.no\/?attachment_id=36\" class=\"wp-image-36\" srcset=\"https:\/\/ordentliggym.no\/wp-content\/uploads\/2019\/01\/EKS2313-1024x684.jpg 1024w, https:\/\/ordentliggym.no\/wp-content\/uploads\/2019\/01\/EKS2313-300x200.jpg 300w, https:\/\/ordentliggym.no\/wp-content\/uploads\/2019\/01\/EKS2313-768x513.jpg 768w, https:\/\/ordentliggym.no\/wp-content\/uploads\/2019\/01\/EKS2313.jpg 1200w\" sizes=\"auto, (max-width: 1024px) 100vw, 1024px\" \/><\/figure><\/li><li class=\"blocks-gallery-item\"><figure><img loading=\"lazy\" decoding=\"async\" width=\"1024\" height=\"684\" src=\"https:\/\/ordentliggym.no\/wp-content\/uploads\/2019\/01\/EKS2314-1024x684.jpg\" alt=\"\" data-id=\"37\" data-link=\"https:\/\/ordentliggym.no\/?attachment_id=37\" class=\"wp-image-37\" srcset=\"https:\/\/ordentliggym.no\/wp-content\/uploads\/2019\/01\/EKS2314-1024x684.jpg 1024w, https:\/\/ordentliggym.no\/wp-content\/uploads\/2019\/01\/EKS2314-300x200.jpg 300w, https:\/\/ordentliggym.no\/wp-content\/uploads\/2019\/01\/EKS2314-768x513.jpg 768w, https:\/\/ordentliggym.no\/wp-content\/uploads\/2019\/01\/EKS2314.jpg 1200w\" sizes=\"auto, (max-width: 1024px) 100vw, 1024px\" \/><\/figure><\/li><li class=\"blocks-gallery-item\"><figure><img loading=\"lazy\" decoding=\"async\" width=\"1024\" height=\"684\" src=\"https:\/\/ordentliggym.no\/wp-content\/uploads\/2019\/01\/EKS2315-1024x684.jpg\" alt=\"\" data-id=\"38\" data-link=\"https:\/\/ordentliggym.no\/?attachment_id=38\" class=\"wp-image-38\" srcset=\"https:\/\/ordentliggym.no\/wp-content\/uploads\/2019\/01\/EKS2315-1024x684.jpg 1024w, https:\/\/ordentliggym.no\/wp-content\/uploads\/2019\/01\/EKS2315-300x200.jpg 300w, https:\/\/ordentliggym.no\/wp-content\/uploads\/2019\/01\/EKS2315-768x513.jpg 768w, https:\/\/ordentliggym.no\/wp-content\/uploads\/2019\/01\/EKS2315.jpg 1200w\" sizes=\"auto, (max-width: 1024px) 100vw, 1024px\" \/><\/figure><\/li><\/ul>\n\n\n\n<p><\/p>\n","protected":false},"excerpt":{"rendered":"<p>Bilder og videoer Nedenfor finner du noen bilder og videoer fra treningssenteret. Vi oppgraderer jevnlig utstyrsparken v\u00e5r, s\u00e5 kom gjerne innom en tur og se alt det nye vi har f\u00e5tt inn \ud83d\ude42<\/p>\n","protected":false},"author":3,"featured_media":0,"parent":0,"menu_order":0,"comment_status":"closed","ping_status":"closed","template":"","meta":{"_uag_custom_page_level_css":"","footnotes":""},"class_list":["post-22","page","type-page","status-publish","hentry"],"uagb_featured_image_src":{"full":false,"thumbnail":false,"medium":false,"medium_large":false,"large":false,"1536x1536":false,"2048x2048":false},"uagb_author_info":{"display_name":"Henrik Smith","author_link":"https:\/\/ordentliggym.no\/?author=3"},"uagb_comment_info":0,"uagb_excerpt":"Bilder og videoer Nedenfor finner du noen bilder og videoer fra treningssenteret. Vi oppgraderer jevnlig utstyrsparken v\u00e5r, s\u00e5 kom gjerne innom en tur og se alt det nye vi har f\u00e5tt inn \ud83d\ude42","_links":{"self":[{"href":"https:\/\/ordentliggym.no\/index.php?rest_route=\/wp\/v2\/pages\/22","targetHints":{"allow":["GET"]}}],"collection":[{"href":"https:\/\/ordentliggym.no\/index.php?rest_route=\/wp\/v2\/pages"}],"about":[{"href":"https:\/\/ordentliggym.no\/index.php?rest_route=\/wp\/v2\/types\/page"}],"author":[{"embeddable":true,"href":"https:\/\/ordentliggym.no\/index.php?rest_route=\/wp\/v2\/users\/3"}],"replies":[{"embeddable":true,"href":"https:\/\/ordentliggym.no\/index.php?rest_route=%2Fwp%2Fv2%2Fcomments&post=22"}],"version-history":[{"count":0,"href":"https:\/\/ordentliggym.no\/index.php?rest_route=\/wp\/v2\/pages\/22\/revisions"}],"wp:attachment":[{"href":"https:\/\/ordentliggym.no\/index.php?rest_route=%2Fwp%2Fv2%2Fmedia&parent=22"}],"curies":[{"name":"wp","href":"https:\/\/api.w.org\/{rel}","templated":true}]}}